{"id":6619,"date":"2024-09-19T18:38:31","date_gmt":"2024-09-19T16:38:31","guid":{"rendered":"https:\/\/madameglou.com\/?page_id=6619"},"modified":"2026-04-19T19:48:23","modified_gmt":"2026-04-19T17:48:23","slug":"a-propos-2","status":"publish","type":"page","link":"https:\/\/madameglou.com\/index.php\/a-propos-2\/","title":{"rendered":"\u00c0 propos"},"content":{"rendered":"<div class=\"wpb-content-wrapper\"><p>[vc_row][vc_column]<div class=\"mkdf-section-title-holder  mkdf-st-standard mkdf-st-title-left mkdf-st-normal-space \" >\n\t<div class=\"mkdf-st-inner\">\n\t\t\t\t\t<h2 class=\"mkdf-st-title\" >\n\t\t\t\tMadame Glou\t\t\t<\/h2>\n\t\t\t\t\t\t\t<h5 class=\"mkdf-st-text\" >\n\t\t\t\t\u2022 Spectacles vivants pluridisciplinaires \u2022\t\t\t<\/h5>\n\t\t\t<\/div>\n<\/div>[vc_empty_space height=\u00a0\u00bb20px\u00a0\u00bb][\/vc_column][\/vc_row][vc_row][vc_column][vc_column_text]<\/p>\n<p class=\"p1\"><span class=\"s1\"><img loading=\"lazy\" decoding=\"async\" class=\"alignleft wp-image-71 size-thumbnail\" src=\"http:\/\/madameglou.com\/wp-content\/uploads\/2020\/03\/gloupetit-1-150x150.png\" alt=\"\" width=\"150\" height=\"150\" srcset=\"https:\/\/madameglou.com\/wp-content\/uploads\/2020\/03\/gloupetit-1-150x150.png 150w, https:\/\/madameglou.com\/wp-content\/uploads\/2020\/03\/gloupetit-1-100x100.png 100w\" sizes=\"auto, (max-width: 150px) 100vw, 150px\" \/>Madame Glou, c&rsquo;est Eglantine Riviere.<br \/>\n<\/span><span class=\"s1\">Actrice, musicienne, autrice, clown, elle cr\u00e9e et m\u00e8ne \u00e0 bien ses projets, des id\u00e9es au plateau.<br \/>\nElle d\u00e9veloppe un travail po\u00e9tique, \u00e0 travers ses diff\u00e9rentes disciplines artistiques favorites, dans le spectacle vivant.<br \/>\nParce qu&rsquo;elle croit dur comme fer au pouvoir de r\u00e9silience par l\u2019imaginaire, ses cr\u00e9ations sont positives, t\u00e9moignant de son perp\u00e9tuel \u00e9merveillement face \u00e0 la vie.\u00a0<\/span><\/p>\n<p>[\/vc_column_text][\/vc_column][\/vc_row][vc_row][vc_column][vc_empty_space height=\u00a0\u00bb20px\u00a0\u00bb][\/vc_column][\/vc_row][vc_row][vc_column width=\u00a0\u00bb1\/3&Prime;][vc_column_text css=\u00a0\u00bb\u00a0\u00bb]<\/p>\n<p class=\"p1\"><strong>\u2022 Pondre des spectacles vivants \u00e0 son image, Madame Glou en fait son apanage \u2022<\/strong><\/p>\n<p class=\"p1\"><strong>Quelques sc\u00e8nes<\/strong><\/p>\n<div class=\"page\" title=\"Page 2\">\n<div class=\"section\">\n<div class=\"layoutArea\">\n<div class=\"column\">\n<p>The\u0301a\u0302tre Molie\u0300re, sce\u0300ne nationale archipel de Thau (Se\u0300te) \u2022 La Ferme du Buisson, sce\u0300ne nationale (Noisiel) \u2022 The\u0301a\u0302tre de Laval, centre national de la marionnette (Laval) \u2022 The\u0301a\u0302tre Massalia, sce\u0300ne conventionne\u0301e art, enfance, jeunesse (Marseille) \u2022 The\u0301a\u0302tre de la Licorne, sce\u0300ne conventionne\u0301e art, enfance, jeunesse (Cannes) \u2022 The\u0301a\u0302tre Edwige Feuille\u0300re sce\u0300ne conventionne\u0301e d&rsquo;inte\u0301re\u0302t national &#8211; Art en territoire (Vesoul) \u2022 The\u0301a\u0302tre Du Brianc\u0327onnais, sce\u0300ne conventionne\u0301e (Brianc\u0327on) \u2022 Stereolux (Nantes) \u2022 Le Sonambule (Gignac) \u2022 The\u0301a\u0302tre le Se\u0301maphore (Port de Bouc) \u2022 Festival Babel Minots (Marseille) \u2022 The\u0301a\u0302tre de la Reine Blanche (Paris) \u2022 Cirque e\u0301lectrique (Paris) \u2022 Le Quattro (Gap) \u2022 festival \u201cBoule de Gomme\u201d (Angers) \u2022 The\u0301a\u0302tre de Fos \/ Sce\u0300nes et Cine\u0301 (Fos-sur-mer) \u2022 L\u2019oppidum \/ Sce\u0300nes et Cine\u0301 (Cornillon-Confoux) \u2022 festival \u201cen ribambelle\u201d (Marseille) \u2022 festival \u201cBabel Mo\u0302mes\u201d (Aubervilliers) \u2022<\/p>\n<\/div>\n<\/div>\n<\/div>\n<\/div>\n<p>[\/vc_column_text][vc_empty_space height=\u00a0\u00bb10px\u00a0\u00bb][vc_column_text css=\u00a0\u00bb\u00a0\u00bb]<\/p>\n<p class=\"p1\"><strong>Partenaires<\/strong><\/p>\n<div class=\"page\" title=\"Page 2\">\n<div class=\"section\">\n<div class=\"layoutArea\">\n<div class=\"column\">\n<p>\u2022 Direction re\u0301gionale des affaires culturelles PACA \u2022 De\u0301partement des Bouches du Rho\u0302ne \u2022 Re\u0301gion Sud \u2022 De\u0301partement du Gard \u2022 The\u0301a\u0302tre Massalia, , sce\u0300ne conventionne\u0301e art, enfance, jeunesse (Marseille) \u2022 Nomad\u2019Cafe\u0301 \u2022 Sce\u0300ne Libre \u2022 JM France \u2022 SACEM \u2022 Traffix Music &#8211; CNV &#8211; Ville de Marseille &#8211;<\/p>\n<\/div>\n<\/div>\n<\/div>\n<\/div>\n<p>[\/vc_column_text][\/vc_column][vc_column width=\u00a0\u00bb1\/3&Prime;][vc_single_image image=\u00a0\u00bb5813&Prime; img_size=\u00a0\u00bbmedium\u00a0\u00bb alignment=\u00a0\u00bbcenter\u00a0\u00bb onclick=\u00a0\u00bbcustom_link\u00a0\u00bb img_link_target=\u00a0\u00bb_blank\u00a0\u00bb css=\u00a0\u00bb\u00a0\u00bb link=\u00a0\u00bbhttps:\/\/cabanes-artsvivants.jimdosite.com\/\u00a0\u00bb][vc_empty_space][vc_single_image image=\u00a0\u00bb7033&Prime; img_size=\u00a0\u00bbmedium\u00a0\u00bb alignment=\u00a0\u00bbcenter\u00a0\u00bb onclick=\u00a0\u00bbcustom_link\u00a0\u00bb img_link_target=\u00a0\u00bb_blank\u00a0\u00bb css=\u00a0\u00bb\u00a0\u00bb link=\u00a0\u00bbhttps:\/\/cabanes-artsvivants.jimdosite.com\/\u00a0\u00bb][vc_column_text css=\u00a0\u00bb.vc_custom_1763394491672{border-color: #E3248E03 !important;}\u00a0\u00bb]<\/p>\n<p style=\"text-align: center;\">Madame Glou et Eglantine Rivi\u00e8re<br \/>\nfont partie de <strong><a href=\"https:\/\/cabanes-artsvivants.jimdosite.com\/nous-sommes...\/\" target=\"_blank\" rel=\"noopener\">Cabanes<\/a>,<\/strong> la plateforme<br \/>\n\u00ab\u00a0Jeune Public\u00a0\u00bb en r\u00e9gion SUD-PACA.<\/p>\n<p>[\/vc_column_text][\/vc_column][vc_column width=\u00a0\u00bb1\/3&Prime;][vc_column_text]<\/p>\n<p class=\"p1\">Les deux pattes ancr\u00e9es dans le r\u00e9el, un moral de super-h\u00e9ro\u00efne, et un regard per\u00e7ant, elle a par-dessus tout un imaginaire d\u00e9bordant.<br \/>\nMadame Glou se dandine avec l\u00e9g\u00e8ret\u00e9 et fantaisie, col tendu et t\u00eate haute, parmi des questions essentielles. Elle chatouille de son duvet les esprits des spectateurs, abolit les palissades, ouvre les horizons et prend son envol.<br \/>\nLe sigle \u00ab Madame Glou \u00bb labellise des cr\u00e9ations pluridisciplinaires accessibles \u00e0 tous et garanties 100 % positives, t\u00e9moignant d\u2019un perp\u00e9tuel \u00e9merveillement face \u00e0 la vie.<br \/>\nEn arri\u00e8re-train, il y a une plume ; celle d\u2019Eglantine Riviere. Com\u00e9dienne, chanteuse, musicienne et autrice, elle vit \u00e0 Marseille. La compagnie a \u00e9t\u00e9 b\u00e2tie en 2018, tel un nid pour couver et faire \u00e9clore ses cr\u00e9ations.<br \/>\nElle cr\u00e9e en collaboration avec des artistes de tous horizons, et des co-producteurs fid\u00e8les, et veille sur ses spectacles comme sur des \u0153ufs\u2026 en or.<\/p>\n<p>[\/vc_column_text][vc_empty_space height=\u00a0\u00bb10px\u00a0\u00bb][vc_column_text css=\u00a0\u00bb\u00a0\u00bb]<\/p>\n<p class=\"p1\"><strong>R\u00e9seaux<\/strong><\/p>\n<div class=\"page\" title=\"Page 2\">\n<div class=\"section\">\n<div class=\"layoutArea\">\n<div class=\"column\">\n<p>Membre des re\u0301seaux Enfance et Musique, Ramdam, ge\u0301ne\u0301ration Belle Saison, Art et tout petit, Sce\u0300ne d\u2019enfance Assiteij et FAMDT.<\/p>\n<\/div>\n<\/div>\n<\/div>\n<\/div>\n<p>[\/vc_column_text][\/vc_column][\/vc_row][vc_row][vc_column][vc_empty_space height=\u00a0\u00bb30px\u00a0\u00bb][\/vc_column][\/vc_row][vc_row][vc_column width=\u00a0\u00bb1\/2&Prime;][vc_single_image image=\u00a0\u00bb5307&Prime; img_size=\u00a0\u00bblarge\u00a0\u00bb][\/vc_column][vc_column width=\u00a0\u00bb1\/2&Prime;][vc_column_text]<\/p>\n<p class=\"p1\"><strong>\u2022 Eglantine Rivi\u00e8re \u2022<\/strong><\/p>\n<p class=\"p1\">Enfant, je m\u2019effor\u00e7ais de faire rire les autres pour apaiser leur douleur\u2026 et cela fonctionnait !<\/p>\n<p class=\"p1\">Puis, le d\u00e9c\u00e8s de mon grand-p\u00e8re me cueillit \u00e0 \u00ab l\u2019\u00e2ge de raison \u00bb; je m\u2019en consolai en m&rsquo;inventant des fictions.<\/p>\n<p class=\"p1\">Trouvant dans ces deux notions \u2013 le rire et les histoires \u2013 une force de r\u00e9silience hors du commun, j\u2019\u00e9crivis \u00e0 la future adulte que j\u2019\u00e9tais un engagement solennel \u00e0 toujours garder cette force de r\u00eave actif de l\u2019enfance, \u00e0 questionner le r\u00e9el, et \u00e0 explorer sans compter la puissance de l\u2019imaginaire.<\/p>\n<p class=\"p1\">La petite fille que j\u2019\u00e9tais alors a eu la justesse de d\u00e9finir sa propre vision de la \u201craison\u201d. L\u2019adulte qu\u2019elle est devenue inscrit dans chacune de ses cr\u00e9ations une volont\u00e9 d\u2019apaiser les autres, ensemble ou individuellement, par le r\u00eave, le rire, les invitations distanci\u00e9es \u00e0 la r\u00e9flexion sur notre soci\u00e9t\u00e9.<\/p>\n<p>[\/vc_column_text][\/vc_column][\/vc_row][vc_row][vc_column][vc_empty_space height=\u00a0\u00bb20px\u00a0\u00bb][\/vc_column][\/vc_row][vc_row][vc_column][vc_column_text css=\u00a0\u00bb\u00a0\u00bb]<\/p>\n<h4 class=\"style-scope ytd-watch-metadata\">D\u00e9couvrez nos cr\u00e9ations et ateliers de transmission<br \/>\n<iframe loading=\"lazy\" title=\"YouTube video player\" src=\"https:\/\/www.youtube.com\/embed\/jltMYn5rVic?si=npe4RxuGRQthzyxu\" width=\"560\" height=\"315\" frameborder=\"0\" allowfullscreen=\"allowfullscreen\"><\/iframe><\/h4>\n<p>[\/vc_column_text][\/vc_column][\/vc_row]<\/p>\n<\/div>","protected":false},"excerpt":{"rendered":"<p>[vc_row][vc_column][vc_empty_space height=\u00a0\u00bb20px\u00a0\u00bb][\/vc_column][\/vc_row][vc_row][vc_column][vc_column_text] Madame Glou, c&rsquo;est Eglantine Riviere. Actrice, musicienne, autrice, clown, elle cr\u00e9e et m\u00e8ne \u00e0 bien ses projets, des id\u00e9es au plateau. Elle d\u00e9veloppe un travail po\u00e9tique, \u00e0 travers ses diff\u00e9rentes disciplines artistiques favorites, dans le spectacle vivant. Parce qu&rsquo;elle croit dur comme fer au pouvoir de r\u00e9silience par l\u2019imaginaire, ses cr\u00e9ations sont positives, t\u00e9moignant de son [&hellip;]<\/p>\n","protected":false},"author":2,"featured_media":0,"parent":0,"menu_order":0,"comment_status":"closed","ping_status":"closed","template":"","meta":{"footnotes":""},"class_list":["post-6619","page","type-page","status-publish","hentry"],"_links":{"self":[{"href":"https:\/\/madameglou.com\/index.php\/wp-json\/wp\/v2\/pages\/6619","targetHints":{"allow":["GET"]}}],"collection":[{"href":"https:\/\/madameglou.com\/index.php\/wp-json\/wp\/v2\/pages"}],"about":[{"href":"https:\/\/madameglou.com\/index.php\/wp-json\/wp\/v2\/types\/page"}],"author":[{"embeddable":true,"href":"https:\/\/madameglou.com\/index.php\/wp-json\/wp\/v2\/users\/2"}],"replies":[{"embeddable":true,"href":"https:\/\/madameglou.com\/index.php\/wp-json\/wp\/v2\/comments?post=6619"}],"version-history":[{"count":21,"href":"https:\/\/madameglou.com\/index.php\/wp-json\/wp\/v2\/pages\/6619\/revisions"}],"predecessor-version":[{"id":6625,"href":"https:\/\/madameglou.com\/index.php\/wp-json\/wp\/v2\/pages\/6619\/revisions\/6625"}],"wp:attachment":[{"href":"https:\/\/madameglou.com\/index.php\/wp-json\/wp\/v2\/media?parent=6619"}],"curies":[{"name":"wp","href":"https:\/\/api.w.org\/{rel}","templated":true}]}}